{"id":10,"date":"2018-10-16T13:11:12","date_gmt":"2018-10-16T13:11:12","guid":{"rendered":"http:\/\/sodaflux.pl\/index.php\/services\/"},"modified":"2020-09-26T10:23:32","modified_gmt":"2020-09-26T10:23:32","slug":"services","status":"publish","type":"page","link":"http:\/\/sodaflux.pl\/index.php\/services\/","title":{"rendered":"Services"},"content":{"rendered":"<h1>oferta<\/h1>\n<h4>Zobacz co mo\u017cemy dla Ciebie wyczy\u015bci\u0107<\/h4>\n<h3>elementy stalowe i metalowe<\/h3>\n<figure><img decoding=\"async\" src=\"http:\/\/sodaflux.pl\/wp-content\/uploads\/elementor\/thumbs\/name-11-1-oo2cuuju6l9lwz4zipearvtzj8dut0a03zawi5k208.jpg\" alt=\"name-11\"><\/figure>\n<figure><img decoding=\"async\" src=\"http:\/\/sodaflux.pl\/wp-content\/uploads\/elementor\/thumbs\/name-19-oo2cuuju6l9lwz4zipearvtzj8dut0a03zawi5k23k.jpg\" alt=\"name-19\"><\/figure>\n<figure><img decoding=\"async\" src=\"http:\/\/sodaflux.pl\/wp-content\/uploads\/elementor\/thumbs\/name-35-1-oo2cxwiye7g5ncp8oixndm2x1bbstlelj3mpnj0zvk.jpg\" alt=\"name-35\"><\/figure>\n<figure><img decoding=\"async\" src=\"http:\/\/sodaflux.pl\/wp-content\/uploads\/elementor\/thumbs\/name-17-1-oo2cuuju6l9lwz4zipearvtzj8dut0a03zawi5k23k.jpg\" alt=\"name-17\"><\/figure>\n<figure><img decoding=\"async\" src=\"http:\/\/sodaflux.pl\/wp-content\/uploads\/elementor\/thumbs\/name-16-oo2cxvl47devbqqlu0j0t4bgfxgflwav6yz8692e1s.jpg\" alt=\"name-16\"><\/figure>\n<figure><img decoding=\"async\" src=\"http:\/\/sodaflux.pl\/wp-content\/uploads\/elementor\/thumbs\/name-43-oo2cxxgsl1hfyynvj1c9y3udmp761aibv8a74szlpc.jpg\" alt=\"name-43\"><\/figure>\n<h3>domy i elementy drewniane<\/h3>\n<figure><img decoding=\"async\" src=\"http:\/\/sodaflux.pl\/wp-content\/uploads\/elementor\/thumbs\/name-33-1-oo2d4ybdnh3kq2glikmx2u1dfckwjve4hzrt88kp7k.jpg\" alt=\"name-33\"><\/figure>\n<figure><img decoding=\"async\" src=\"http:\/\/sodaflux.pl\/wp-content\/uploads\/elementor\/thumbs\/name-40-oo2d4z97ub4v1of8d31jnbsu0qg9rkhuu4fapijb1c.jpg\" alt=\"name-40\"><\/figure>\n<figure><img decoding=\"async\" src=\"http:\/\/sodaflux.pl\/wp-content\/uploads\/elementor\/thumbs\/IMG_8808-scaled-ooej3v3sn0t7tw55twnpk3xqonhfgkxo8yfsmuthnk.jpg\" alt=\"IMG_8808\"><\/figure>\n<figure><img decoding=\"async\" src=\"http:\/\/sodaflux.pl\/wp-content\/uploads\/elementor\/thumbs\/DSCF1670-ooej3ivw66chmymwt9dk5p0qyn5noil5v9yhe9blwg.jpg\" alt=\"DSCF1670\"><\/figure>\n<figure><img decoding=\"async\" src=\"http:\/\/sodaflux.pl\/wp-content\/uploads\/elementor\/thumbs\/IMG_20200507_122202-scaled-op7whg805nqa0dr6jgsgnw2z5l1wrlobg485rslehs.jpg\" alt=\"IMG_20200507_122202\"><\/figure>\n<figure><img decoding=\"async\" src=\"http:\/\/sodaflux.pl\/wp-content\/uploads\/elementor\/thumbs\/IMG_20200507_144443-scaled-op7why2xrieq4z18n6idh9kqfwlvtun7ukmdw1ux7k.jpg\" alt=\"IMG_20200507_144443\"><\/figure>\n<figure><img decoding=\"async\" src=\"http:\/\/sodaflux.pl\/wp-content\/uploads\/elementor\/thumbs\/IMG_20200507_145040-scaled-op7wigvpk74gl69xlemwv4tybm183spul5o3hl31r4.jpg\" alt=\"IMG_20200507_145040\"><\/figure>\n<figure><img decoding=\"async\" src=\"http:\/\/sodaflux.pl\/wp-content\/uploads\/elementor\/thumbs\/IMG_20200507_150319-scaled-op7wiyqn61swprjzp4ctoibplxl761oqzm2bluckgw.jpg\" alt=\"IMG_20200507_150319\"><\/figure>\n<figure><img decoding=\"async\" src=\"http:\/\/sodaflux.pl\/wp-content\/uploads\/elementor\/thumbs\/IMG_20200825_121758-ow12zmmm0t8t7i2zbghk0qbmir5l75qhx9y1tfb2jk.jpg\" alt=\"IMG_20200825_121758\"><\/figure>\n<h3>ceg\u0142a i kamie\u0144<\/h3>\n<figure><img decoding=\"async\" src=\"http:\/\/sodaflux.pl\/wp-content\/uploads\/elementor\/thumbs\/67341837_2892421660774264_5937491183742746624_o-oo2d85xj03hue3snrgm13iv2hqr1un53xw0j99t9y8.jpg\" alt=\"67341837_2892421660774264_5937491183742746624_o\"><\/figure>\n<figure><img decoding=\"async\" src=\"http:\/\/sodaflux.pl\/wp-content\/uploads\/elementor\/thumbs\/75398317_3098025436880551_8059790797081411584_o-oo2d86vd6xj4ppralz0no0mj34mf2c8ua0o0qjrvs0.jpg\" alt=\"75398317_3098025436880551_8059790797081411584_o\"><\/figure>\n<figure><img decoding=\"async\" src=\"http:\/\/sodaflux.pl\/wp-content\/uploads\/elementor\/thumbs\/75534750_3098025146880580_4137900479424233472_o-oo2d87t7drkf1bpxghfa8idzoihsa1ckm5bi7tqhls.jpg\" alt=\"75534750_3098025146880580_4137900479424233472_o\"><\/figure>\n<figure><img decoding=\"async\" src=\"http:\/\/sodaflux.pl\/wp-content\/uploads\/elementor\/thumbs\/name-36-1-oo0mz6xl7jruq2xlgseej0x1j07ukqmyi3uhogiwf4.jpg\" alt=\"name-36\"><\/figure>\n<figure><img decoding=\"async\" src=\"http:\/\/sodaflux.pl\/wp-content\/uploads\/elementor\/thumbs\/name-27-oo2d9wwppzw1zz96jpu18kyyak4n6d34ijq2et7wdc.jpg\" alt=\"OLYMPUS DIGITAL CAMERA\"><\/figure>\n<figure><img decoding=\"async\" src=\"http:\/\/sodaflux.pl\/wp-content\/uploads\/elementor\/thumbs\/name-28-oo2d9xujwtxcbl7te88nt2qevy00e26uuodjw36i74.jpg\" alt=\"OLYMPUS DIGITAL CAMERA\"><\/figure>\n<figure><img decoding=\"async\" src=\"http:\/\/sodaflux.pl\/wp-content\/uploads\/elementor\/thumbs\/66-ooejd9hozdofxihmxyxehqjojd5kfm91jhalegvrfk.jpg\" alt=\"66\"><\/figure>\n<figure><img decoding=\"async\" src=\"http:\/\/sodaflux.pl\/wp-content\/uploads\/elementor\/thumbs\/68-ooejdbddd1r0kqewmzqnmq2lq4wav0gi7qlkd0sz34.jpg\" alt=\"68\"><\/figure>\n<h3>kostka brukowa i tarasy<\/h3>\n<figure><img decoding=\"async\" src=\"http:\/\/sodaflux.pl\/wp-content\/uploads\/elementor\/thumbs\/97-ooejekhmh3gs20ldbj8qyeoq8mpx4hfmdxwveay2sg.jpg\" alt=\"97\"><\/figure>\n<figure><img decoding=\"async\" src=\"http:\/\/sodaflux.pl\/wp-content\/uploads\/elementor\/thumbs\/99-ooejelfgnxi2dmk061ndiwg6u0lac6jcq2kcvkwom8.jpg\" alt=\"99\"><\/figure>\n<figure><img decoding=\"async\" src=\"http:\/\/sodaflux.pl\/wp-content\/uploads\/elementor\/thumbs\/108-ooejemdaurjcp8in0k203e7nfegnjvn3277ucuvag0.jpg\" alt=\"108\"><\/figure>\n<figure><img decoding=\"async\" src=\"http:\/\/sodaflux.pl\/wp-content\/uploads\/elementor\/thumbs\/109-ooejeq4nm3ohzod6eloidd9hsxy4eo20epts9yppr4.jpg\" alt=\"109\"><\/figure>\n<figure><img decoding=\"async\" src=\"http:\/\/sodaflux.pl\/wp-content\/uploads\/elementor\/thumbs\/Zdj\u0119cie-od-Piotrek-Zep-oop05waziun1bf3p0cvo1qz56ysuxuwn66m4gcgq74.jpg\" alt=\"Zdj\u0119cie od Piotrek Zep\"><\/figure>\n<figure><img decoding=\"async\" src=\"http:\/\/sodaflux.pl\/wp-content\/uploads\/elementor\/thumbs\/Zdj\u0119cie-od-Piotrek-Zep1-oop05y6nwiplyn0ypdox6qi2dqjld943ufx3ewdxuo.jpg\" alt=\"Zdj\u0119cie od Piotrek Zep1\"><\/figure>\n<h3>Pracujemy r\u00f3wnie\u017c na wysoko\u015bciach<\/h3>\n<figure><img decoding=\"async\" src=\"http:\/\/sodaflux.pl\/wp-content\/uploads\/elementor\/thumbs\/IMG_20200723_074532-ow136f0ndqjd247zoe4k10ngyxp0sgopivkald8pls.jpg\" alt=\"IMG_20200723_074532\"><\/figure>\n<figure><img decoding=\"async\" src=\"http:\/\/sodaflux.pl\/wp-content\/uploads\/elementor\/thumbs\/IMG_20200729_072548-ow136is052oick2j2fr2azpbch6hn93mve68ih34ww.jpg\" alt=\"IMG_20200729_072548\"><\/figure>\n<figure><img decoding=\"async\" src=\"http:\/\/sodaflux.pl\/wp-content\/uploads\/elementor\/thumbs\/IMG_20200729_161159-ow136llipksdbdyflyyy0gzp4mslacetvs4oyayye8.jpg\" alt=\"IMG_20200729_161159\"><\/figure>\n<h4 style=\"text-align: center;\">I to nie wszystko, zach\u0119camy do skorzystania z naszych us\u0142ug, do ka\u017cdego zlecenia podchodzimy indywidualnie, zapraszamy do kontaktu w celu uzyskania informacji o terminach, warunkach i cenach.<\/h4>\n<h4 style=\"text-align: center;\">Nie wahaj si\u0119 i wybierz SodaFlux.<\/h4>\n","protected":false},"excerpt":{"rendered":"<p>oferta Zobacz co mo\u017cemy dla Ciebie wyczy\u015bci\u0107 elementy stalowe i metalowe domy i elementy drewniane ceg\u0142a i kamie\u0144 kostka brukowa i tarasy Pracujemy r\u00f3wnie\u017c na wysoko\u015bciach I to nie wszystko, zach\u0119camy do skorzystania z naszych us\u0142ug, do ka\u017cdego zlecenia podchodzimy indywidualnie, zapraszamy do kontaktu w celu uzyskania informacji o terminach, warunkach i cenach. Nie wahaj &hellip;<\/p>\n<p class=\"read-more\"> <a class=\"\" href=\"http:\/\/sodaflux.pl\/index.php\/services\/\"> <span class=\"screen-reader-text\">Services<\/span> Read More &raquo;<\/a><\/p>\n","protected":false},"author":1,"featured_media":0,"parent":0,"menu_order":0,"comment_status":"closed","ping_status":"closed","template":"","meta":[],"_links":{"self":[{"href":"http:\/\/sodaflux.pl\/index.php\/wp-json\/wp\/v2\/pages\/10"}],"collection":[{"href":"http:\/\/sodaflux.pl\/index.php\/wp-json\/wp\/v2\/pages"}],"about":[{"href":"http:\/\/sodaflux.pl\/index.php\/wp-json\/wp\/v2\/types\/page"}],"author":[{"embeddable":true,"href":"http:\/\/sodaflux.pl\/index.php\/wp-json\/wp\/v2\/users\/1"}],"replies":[{"embeddable":true,"href":"http:\/\/sodaflux.pl\/index.php\/wp-json\/wp\/v2\/comments?post=10"}],"version-history":[{"count":11,"href":"http:\/\/sodaflux.pl\/index.php\/wp-json\/wp\/v2\/pages\/10\/revisions"}],"predecessor-version":[{"id":1420,"href":"http:\/\/sodaflux.pl\/index.php\/wp-json\/wp\/v2\/pages\/10\/revisions\/1420"}],"wp:attachment":[{"href":"http:\/\/sodaflux.pl\/index.php\/wp-json\/wp\/v2\/media?parent=10"}],"curies":[{"name":"wp","href":"https:\/\/api.w.org\/{rel}","templated":true}]}}