{"id":13,"date":"2018-10-16T13:14:47","date_gmt":"2018-10-16T13:14:47","guid":{"rendered":"http:\/\/sodaflux.pl\/index.php\/testimonials\/"},"modified":"2020-04-13T18:36:30","modified_gmt":"2020-04-13T18:36:30","slug":"testimonials","status":"publish","type":"page","link":"http:\/\/sodaflux.pl\/index.php\/testimonials\/","title":{"rendered":"Testimonials"},"content":{"rendered":"\t\t<div data-elementor-type=\"wp-post\" data-elementor-id=\"13\" class=\"elementor elementor-13\" data-elementor-settings=\"[]\">\n\t\t\t<div class=\"elementor-inner\">\n\t\t\t\t<div class=\"elementor-section-wrap\">\n\t\t\t\t\t\t\t<section class=\"elementor-element elementor-element-034b878 elementor-section-full_width elementor-section-content-middle elementor-section-height-default elementor-section-height-default elementor-section elementor-top-section\" data-id=\"034b878\" data-element_type=\"section\" data-settings=\"{&quot;background_background&quot;:&quot;classic&quot;}\">\n\t\t\t\t\t\t\t<div class=\"elementor-background-overlay\"><\/div>\n\t\t\t\t\t\t\t<div class=\"elementor-container elementor-column-gap-no\">\n\t\t\t\t<div class=\"elementor-row\">\n\t\t\t\t<div class=\"elementor-element elementor-element-d132080 elementor-column elementor-col-100 elementor-top-column\" data-id=\"d132080\" data-element_type=\"column\">\n\t\t\t<div class=\"elementor-column-wrap  elementor-element-populated\">\n\t\t\t\t\t<div class=\"elementor-widget-wrap\">\n\t\t\t\t<div class=\"elementor-element elementor-element-6319991 elementor-widget elementor-widget-heading\" data-id=\"6319991\" data-element_type=\"widget\" data-widget_type=\"heading.default\">\n\t\t\t\t<div class=\"elementor-widget-container\">\n\t\t\t<h1 class=\"elementor-heading-title elementor-size-default\">technologia<\/h1>\t\t<\/div>\n\t\t\t\t<\/div>\n\t\t\t\t<div class=\"elementor-element elementor-element-a756444 elementor-widget elementor-widget-divider\" data-id=\"a756444\" data-element_type=\"widget\" data-widget_type=\"divider.default\">\n\t\t\t\t<div class=\"elementor-widget-container\">\n\t\t\t\t\t<div class=\"elementor-divider\">\n\t\t\t<span class=\"elementor-divider-separator\">\n\t\t\t\t\t\t<\/span>\n\t\t<\/div>\n\t\t\t\t<\/div>\n\t\t\t\t<\/div>\n\t\t\t\t\t\t<\/div>\n\t\t\t<\/div>\n\t\t<\/div>\n\t\t\t\t\t\t<\/div>\n\t\t\t<\/div>\n\t\t<\/section>\n\t\t\t\t<section class=\"elementor-element elementor-element-ee0ab34 elementor-section-boxed elementor-section-height-default elementor-section-height-default elementor-section elementor-top-section\" data-id=\"ee0ab34\" data-element_type=\"section\">\n\t\t\t\t\t\t<div class=\"elementor-container elementor-column-gap-default\">\n\t\t\t\t<div class=\"elementor-row\">\n\t\t\t\t<div class=\"elementor-element elementor-element-8e52b55 elementor-column elementor-col-100 elementor-top-column\" data-id=\"8e52b55\" data-element_type=\"column\">\n\t\t\t<div class=\"elementor-column-wrap  elementor-element-populated\">\n\t\t\t\t\t<div class=\"elementor-widget-wrap\">\n\t\t\t\t<div class=\"elementor-element elementor-element-5b450c2 elementor-widget elementor-widget-text-editor\" data-id=\"5b450c2\" data-element_type=\"widget\" data-widget_type=\"text-editor.default\">\n\t\t\t\t<div class=\"elementor-widget-container\">\n\t\t\t\t\t<div class=\"elementor-text-editor elementor-clearfix\"><h2 style=\"text-align: center;\">Oczyszczanie na najwy\u017cszym poziomie<\/h2><p>Nasza firma korzysta ze sprawdzonej technologii udost\u0119pnianej przez firm\u0119 Soda Blast System. Sprz\u0119t, kt\u00f3rego u\u017cywamy jest wiele bardziej wydajny od tradycyjnych maszyn o podobnym przeznaczeniu. Dzi\u0119ki wi\u0119kszej mocy ca\u0142e zlecenie mo\u017cna wykona\u0107 szybciej oraz precyzyjniej.<\/p><p>Sprz\u0119t jest o wiele bardziej niezawodny od piaskarek, starego typu, nie lubimy traci\u0107 czasu na problemy techniczne podczas zlecenia. Lubimy, kiedy wszystko idzie g\u0142adko, sprawnie i bez zb\u0119dnego ba\u0142aganu. Ten te\u017c jest znacznie mniejszy w por\u00f3wnaniu z piaskark\u0105 starego typu, dzi\u0119ki wi\u0119kszej mocy czy\u015bcimy szybciej, wi\u0119c zu\u017cywamy mniej piasku. Zapylenie podczas pracy te\u017c jest zdecydowanie mniejsze.<\/p><h3 style=\"text-align: center;\">Zalety technologii od Soda Blast System<\/h3><\/div>\n\t\t\t\t<\/div>\n\t\t\t\t<\/div>\n\t\t\t\t\t\t<\/div>\n\t\t\t<\/div>\n\t\t<\/div>\n\t\t\t\t\t\t<\/div>\n\t\t\t<\/div>\n\t\t<\/section>\n\t\t\t\t<section class=\"elementor-element elementor-element-f761e27 elementor-section-boxed elementor-section-height-default elementor-section-height-default elementor-section elementor-top-section\" data-id=\"f761e27\" data-element_type=\"section\">\n\t\t\t\t\t\t<div class=\"elementor-container elementor-column-gap-default\">\n\t\t\t\t<div class=\"elementor-row\">\n\t\t\t\t<div class=\"elementor-element elementor-element-569d0c6 elementor-column elementor-col-50 elementor-top-column\" data-id=\"569d0c6\" data-element_type=\"column\">\n\t\t\t<div class=\"elementor-column-wrap  elementor-element-populated\">\n\t\t\t\t\t<div class=\"elementor-widget-wrap\">\n\t\t\t\t<div class=\"elementor-element elementor-element-f399758 elementor-widget elementor-widget-spacer\" data-id=\"f399758\" data-element_type=\"widget\" data-widget_type=\"spacer.default\">\n\t\t\t\t<div class=\"elementor-widget-container\">\n\t\t\t\t\t<div class=\"elementor-spacer\">\n\t\t\t<div class=\"elementor-spacer-inner\"><\/div>\n\t\t<\/div>\n\t\t\t\t<\/div>\n\t\t\t\t<\/div>\n\t\t\t\t<div class=\"elementor-element elementor-element-11be994 elementor-widget elementor-widget-text-editor\" data-id=\"11be994\" data-element_type=\"widget\" data-widget_type=\"text-editor.default\">\n\t\t\t\t<div class=\"elementor-widget-container\">\n\t\t\t\t\t<div class=\"elementor-text-editor elementor-clearfix\"><div id=\"column-wrap-id-1551087911479\" class=\"sppb-col-md-6\"><div id=\"column-id-1551087911479\" class=\"sppb-column sppb-align-items-center\"><div class=\"sppb-column-addons\"><div id=\"sppb-addon-1551087911480\" class=\"clearfix\"><div class=\"sppb-addon sppb-addon-text-block 0 \"><div class=\"sppb-addon-content\"><h2 id=\"comp-jnne7nsp\" class=\"txtNew\" style=\"pointer-events: none; text-align: right;\" data-packed=\"true\">Oczyszczanie<br \/>w trzech trybach pracy<\/h2><\/div><\/div><\/div><\/div><\/div><\/div><\/div>\n\t\t\t\t<\/div>\n\t\t\t\t<\/div>\n\t\t\t\t\t\t<\/div>\n\t\t\t<\/div>\n\t\t<\/div>\n\t\t\t\t<div class=\"elementor-element elementor-element-1df978e elementor-column elementor-col-50 elementor-top-column\" data-id=\"1df978e\" data-element_type=\"column\" data-settings=\"{&quot;background_background&quot;:&quot;classic&quot;}\">\n\t\t\t<div class=\"elementor-column-wrap  elementor-element-populated\">\n\t\t\t\t\t<div class=\"elementor-widget-wrap\">\n\t\t\t\t<div class=\"elementor-element elementor-element-663dc7f elementor-widget elementor-widget-text-editor\" data-id=\"663dc7f\" data-element_type=\"widget\" data-widget_type=\"text-editor.default\">\n\t\t\t\t<div class=\"elementor-widget-container\">\n\t\t\t\t\t<div class=\"elementor-text-editor elementor-clearfix\"><ul><li>Standardowy tryb\u00a0&#8211; to praca na sucho. Wsypujemy czy\u015bciwo do zbiornika, po uruchomieniu czy\u015bciwo z bardzo du\u017c\u0105 pr\u0119dko\u015bci\u0105 wylatuje z dyszy i oczyszcza powierzchni\u0119<\/li><li>Bezpy\u0142owy tryb hydrodynamiczny &#8211; za pomoc\u0105 w\u0119\u017ca pod\u0142\u0105czonego do kranu lub zbiornika z wod\u0105 z jednej strony, a z drugiej pod\u0142\u0105czony do specjalnej dyszy podawany jest strumie\u0144 wody, kt\u00f3ry zapewnia otoczk\u0119 wodn\u0105 wok\u00f3\u0142 strumienia czy\u015bciwa z powietrzem. Pylenie zmniejszone o 95%<\/li><li>Bezpy\u0142owy miks wodny &#8211; to innowacyjna metoda umo\u017cliwiaj\u0105ca zasypanie czy\u015bciwa do zbiornika, a nast\u0119pnie dolanie wody nad czy\u015bciwo w proporcji 1:1. W ten spos\u00f3b pylenie praktycznie nie wyst\u0119puj\u0119 i nie jest wymagany bezpo\u015bredni dost\u0119p do wody<\/li><\/ul><\/div>\n\t\t\t\t<\/div>\n\t\t\t\t<\/div>\n\t\t\t\t\t\t<\/div>\n\t\t\t<\/div>\n\t\t<\/div>\n\t\t\t\t\t\t<\/div>\n\t\t\t<\/div>\n\t\t<\/section>\n\t\t\t\t<section class=\"elementor-element elementor-element-66cae06 elementor-section-boxed elementor-section-height-default elementor-section-height-default elementor-section elementor-top-section\" data-id=\"66cae06\" data-element_type=\"section\">\n\t\t\t\t\t\t<div class=\"elementor-container elementor-column-gap-default\">\n\t\t\t\t<div class=\"elementor-row\">\n\t\t\t\t<div class=\"elementor-element elementor-element-bda997e elementor-column elementor-col-50 elementor-top-column\" data-id=\"bda997e\" data-element_type=\"column\" data-settings=\"{&quot;background_background&quot;:&quot;classic&quot;}\">\n\t\t\t<div class=\"elementor-column-wrap  elementor-element-populated\">\n\t\t\t\t\t<div class=\"elementor-widget-wrap\">\n\t\t\t\t<div class=\"elementor-element elementor-element-69c1df5 elementor-widget elementor-widget-spacer\" data-id=\"69c1df5\" data-element_type=\"widget\" data-widget_type=\"spacer.default\">\n\t\t\t\t<div class=\"elementor-widget-container\">\n\t\t\t\t\t<div class=\"elementor-spacer\">\n\t\t\t<div class=\"elementor-spacer-inner\"><\/div>\n\t\t<\/div>\n\t\t\t\t<\/div>\n\t\t\t\t<\/div>\n\t\t\t\t<div class=\"elementor-element elementor-element-a85eec9 elementor-widget elementor-widget-text-editor\" data-id=\"a85eec9\" data-element_type=\"widget\" data-widget_type=\"text-editor.default\">\n\t\t\t\t<div class=\"elementor-widget-container\">\n\t\t\t\t\t<div class=\"elementor-text-editor elementor-clearfix\"><h2 style=\"text-align: right;\"><span style=\"color: #ffffff;\">Bez uszkadzania <\/span><br \/><span style=\"color: #ffffff;\">powierzchni<\/span><\/h2><\/div>\n\t\t\t\t<\/div>\n\t\t\t\t<\/div>\n\t\t\t\t\t\t<\/div>\n\t\t\t<\/div>\n\t\t<\/div>\n\t\t\t\t<div class=\"elementor-element elementor-element-a161447 elementor-column elementor-col-50 elementor-top-column\" data-id=\"a161447\" data-element_type=\"column\">\n\t\t\t<div class=\"elementor-column-wrap  elementor-element-populated\">\n\t\t\t\t\t<div class=\"elementor-widget-wrap\">\n\t\t\t\t<div class=\"elementor-element elementor-element-4a8a5e3 elementor-widget elementor-widget-text-editor\" data-id=\"4a8a5e3\" data-element_type=\"widget\" data-widget_type=\"text-editor.default\">\n\t\t\t\t<div class=\"elementor-widget-container\">\n\t\t\t\t\t<div class=\"elementor-text-editor elementor-clearfix\"><p>Soda pozostawia powierzchni\u0119 po oczyszczeniu g\u0142adk\u0105, bez <br \/>uszkodze\u0144 i zarysowa\u0144, nie przegrzewa jej, nie zamra\u017ca, nie <br \/>odkszta\u0142ca<\/p><p>Wyr\u00f3\u017cniamy dwie metody oczyszczania:<\/p><ul><li>delikatna\u00a0&#8211; kt\u00f3rej efektem jest <br \/>g\u0142adka, nieuszkodzona powierzchnia<\/li><li>mocna, po kt\u00f3rej powierzchnia<br \/>jest\u00a0zszorstkowana (zmatowiona) &#8211; tak powstaje mostek szczepny, <br \/>po\u017c\u0105dany przed aplikacj\u0105 farb, mas, klej\u00f3w i zapraw<\/li><\/ul><\/div>\n\t\t\t\t<\/div>\n\t\t\t\t<\/div>\n\t\t\t\t\t\t<\/div>\n\t\t\t<\/div>\n\t\t<\/div>\n\t\t\t\t\t\t<\/div>\n\t\t\t<\/div>\n\t\t<\/section>\n\t\t\t\t<section class=\"elementor-element elementor-element-f3309f8 elementor-section-boxed elementor-section-height-default elementor-section-height-default elementor-section elementor-top-section\" data-id=\"f3309f8\" data-element_type=\"section\">\n\t\t\t\t\t\t<div class=\"elementor-container elementor-column-gap-default\">\n\t\t\t\t<div class=\"elementor-row\">\n\t\t\t\t<div class=\"elementor-element elementor-element-d453a35 elementor-column elementor-col-50 elementor-top-column\" data-id=\"d453a35\" data-element_type=\"column\">\n\t\t\t<div class=\"elementor-column-wrap  elementor-element-populated\">\n\t\t\t\t\t<div class=\"elementor-widget-wrap\">\n\t\t\t\t<div class=\"elementor-element elementor-element-dec5953 elementor-widget elementor-widget-spacer\" data-id=\"dec5953\" data-element_type=\"widget\" data-widget_type=\"spacer.default\">\n\t\t\t\t<div class=\"elementor-widget-container\">\n\t\t\t\t\t<div class=\"elementor-spacer\">\n\t\t\t<div class=\"elementor-spacer-inner\"><\/div>\n\t\t<\/div>\n\t\t\t\t<\/div>\n\t\t\t\t<\/div>\n\t\t\t\t<div class=\"elementor-element elementor-element-d777cf3 elementor-widget elementor-widget-text-editor\" data-id=\"d777cf3\" data-element_type=\"widget\" data-widget_type=\"text-editor.default\">\n\t\t\t\t<div class=\"elementor-widget-container\">\n\t\t\t\t\t<div class=\"elementor-text-editor elementor-clearfix\"><h2 style=\"text-align: right;\">R\u00f3\u017cne czy\u015bciwa,<br \/>r\u00f3\u017cne mo\u017cliwo\u015bci<\/h2><\/div>\n\t\t\t\t<\/div>\n\t\t\t\t<\/div>\n\t\t\t\t\t\t<\/div>\n\t\t\t<\/div>\n\t\t<\/div>\n\t\t\t\t<div class=\"elementor-element elementor-element-1f56d95 elementor-column elementor-col-50 elementor-top-column\" data-id=\"1f56d95\" data-element_type=\"column\" data-settings=\"{&quot;background_background&quot;:&quot;classic&quot;}\">\n\t\t\t<div class=\"elementor-column-wrap  elementor-element-populated\">\n\t\t\t\t\t<div class=\"elementor-widget-wrap\">\n\t\t\t\t<div class=\"elementor-element elementor-element-315c4dd elementor-widget elementor-widget-text-editor\" data-id=\"315c4dd\" data-element_type=\"widget\" data-widget_type=\"text-editor.default\">\n\t\t\t\t<div class=\"elementor-widget-container\">\n\t\t\t\t\t<div class=\"elementor-text-editor elementor-clearfix\"><p><span style=\"color: #ffffff;\">\u00a0Technologia SodaBlast Systems dzia\u0142a na wiele rodzaj\u00f3w <\/span><br \/><span style=\"color: #ffffff;\">czy\u015bciw, w tym bardzo drobne jak soda oczyszczona oraz <\/span><br \/><span style=\"color: #ffffff;\">piasek, szk\u0142o, garnet, \u0142upiny orzecha, kaszka kukurydziana, <\/span><br \/><span style=\"color: #ffffff;\">korund, szlaka pomiedziowa<\/span><\/p><p><span style=\"color: #ffffff;\">Ka\u017cde czy\u015bciwo daje inny efekt na oczyszczanej powierzchni, zatem mamy <\/span><br \/><span style=\"color: #ffffff;\">du\u017ce mo\u017cliwo\u015bci uzyskania r\u00f3\u017cnych efekt\u00f3w\u200b<\/span><br \/><span style=\"color: #ffffff;\">Mo\u017cliwo\u015b\u0107 u\u017cycia\u00a0r\u00f3\u017cnego rodzaju czy\u015bciw, czyni\u00a0maszyny SodaBlast <\/span><br \/><span style=\"color: #ffffff;\">Systems bardzo uniwersalnymi\u200b<\/span><br \/><span style=\"color: #ffffff;\">Maszyny SodaBlast Systems posiadaj\u0105 wyrzut czy\u015bciwa 3x szybszy od <\/span><br \/><span style=\"color: #ffffff;\">piaskarek. Zatem, oczyszczanie piaskiem, szk\u0142em czy \u015brutem, b\u0119dzie r\u00f3wnie\u017c 3 razy szybsze od tradycyjnej piaskarki<\/span><\/p><\/div>\n\t\t\t\t<\/div>\n\t\t\t\t<\/div>\n\t\t\t\t\t\t<\/div>\n\t\t\t<\/div>\n\t\t<\/div>\n\t\t\t\t\t\t<\/div>\n\t\t\t<\/div>\n\t\t<\/section>\n\t\t\t\t<section class=\"elementor-element elementor-element-51de149 elementor-section-boxed elementor-section-height-default elementor-section-height-default elementor-section elementor-top-section\" data-id=\"51de149\" data-element_type=\"section\">\n\t\t\t\t\t\t<div class=\"elementor-container elementor-column-gap-default\">\n\t\t\t\t<div class=\"elementor-row\">\n\t\t\t\t<div class=\"elementor-element elementor-element-b208107 elementor-column elementor-col-100 elementor-top-column\" data-id=\"b208107\" data-element_type=\"column\">\n\t\t\t<div class=\"elementor-column-wrap  elementor-element-populated\">\n\t\t\t\t\t<div class=\"elementor-widget-wrap\">\n\t\t\t\t<div class=\"elementor-element elementor-element-1bad636 elementor-widget elementor-widget-spacer\" data-id=\"1bad636\" data-element_type=\"widget\" data-widget_type=\"spacer.default\">\n\t\t\t\t<div class=\"elementor-widget-container\">\n\t\t\t\t\t<div class=\"elementor-spacer\">\n\t\t\t<div class=\"elementor-spacer-inner\"><\/div>\n\t\t<\/div>\n\t\t\t\t<\/div>\n\t\t\t\t<\/div>\n\t\t\t\t<div class=\"elementor-element elementor-element-e1ea012 elementor-widget elementor-widget-text-editor\" data-id=\"e1ea012\" data-element_type=\"widget\" data-widget_type=\"text-editor.default\">\n\t\t\t\t<div class=\"elementor-widget-container\">\n\t\t\t\t\t<div class=\"elementor-text-editor elementor-clearfix\"><h2 style=\"text-align: center;\">Zobacz jak to wygl\u0105da w praktyce<\/h2><\/div>\n\t\t\t\t<\/div>\n\t\t\t\t<\/div>\n\t\t\t\t<div class=\"elementor-element elementor-element-9423030 elementor-aspect-ratio-169 elementor-widget elementor-widget-video\" data-id=\"9423030\" data-element_type=\"widget\" data-settings=\"{&quot;aspect_ratio&quot;:&quot;169&quot;}\" data-widget_type=\"video.default\">\n\t\t\t\t<div class=\"elementor-widget-container\">\n\t\t\t\t\t<div class=\"elementor-wrapper elementor-fit-aspect-ratio elementor-open-inline\">\n\t\t\t<iframe class=\"elementor-video-iframe\" allowfullscreen title=\"youtube Video Player\" src=\"https:\/\/www.youtube.com\/embed\/LCg8mU4yGnI?feature=oembed&amp;start&amp;end&amp;wmode=opaque&amp;loop=0&amp;controls=1&amp;mute=0&amp;rel=0&amp;modestbranding=0\"><\/iframe>\t\t<\/div>\n\t\t\t\t<\/div>\n\t\t\t\t<\/div>\n\t\t\t\t<div class=\"elementor-element elementor-element-6250d1d elementor-widget elementor-widget-spacer\" data-id=\"6250d1d\" data-element_type=\"widget\" data-widget_type=\"spacer.default\">\n\t\t\t\t<div class=\"elementor-widget-container\">\n\t\t\t\t\t<div class=\"elementor-spacer\">\n\t\t\t<div class=\"elementor-spacer-inner\"><\/div>\n\t\t<\/div>\n\t\t\t\t<\/div>\n\t\t\t\t<\/div>\n\t\t\t\t<div class=\"elementor-element elementor-element-5d425eb elementor-widget elementor-widget-text-editor\" data-id=\"5d425eb\" data-element_type=\"widget\" data-widget_type=\"text-editor.default\">\n\t\t\t\t<div class=\"elementor-widget-container\">\n\t\t\t\t\t<div class=\"elementor-text-editor elementor-clearfix\"><h2 style=\"text-align: center;\">A tutaj pokaz sodowania &#8220;delikatnego&#8221;<\/h2><\/div>\n\t\t\t\t<\/div>\n\t\t\t\t<\/div>\n\t\t\t\t<div class=\"elementor-element elementor-element-6218c1f elementor-aspect-ratio-169 elementor-widget elementor-widget-video\" data-id=\"6218c1f\" data-element_type=\"widget\" data-settings=\"{&quot;aspect_ratio&quot;:&quot;169&quot;}\" data-widget_type=\"video.default\">\n\t\t\t\t<div class=\"elementor-widget-container\">\n\t\t\t\t\t<div class=\"elementor-wrapper elementor-fit-aspect-ratio elementor-open-inline\">\n\t\t\t<iframe class=\"elementor-video-iframe\" allowfullscreen title=\"youtube Video Player\" src=\"https:\/\/www.youtube.com\/embed\/8122LUfwh0c?feature=oembed&amp;start&amp;end&amp;wmode=opaque&amp;loop=0&amp;controls=1&amp;mute=0&amp;rel=0&amp;modestbranding=0\"><\/iframe>\t\t<\/div>\n\t\t\t\t<\/div>\n\t\t\t\t<\/div>\n\t\t\t\t\t\t<\/div>\n\t\t\t<\/div>\n\t\t<\/div>\n\t\t\t\t\t\t<\/div>\n\t\t\t<\/div>\n\t\t<\/section>\n\t\t\t\t\t\t<\/div>\n\t\t\t<\/div>\n\t\t<\/div>\n\t\t","protected":false},"excerpt":{"rendered":"<p>technologia Oczyszczanie na najwy\u017cszym poziomie Nasza firma korzysta ze sprawdzonej technologii udost\u0119pnianej przez firm\u0119 Soda Blast System. Sprz\u0119t, kt\u00f3rego u\u017cywamy jest wiele bardziej wydajny od tradycyjnych maszyn o podobnym przeznaczeniu. Dzi\u0119ki wi\u0119kszej mocy ca\u0142e zlecenie mo\u017cna wykona\u0107 szybciej oraz precyzyjniej. Sprz\u0119t jest o wiele bardziej niezawodny od piaskarek, starego typu, nie lubimy traci\u0107 czasu na &hellip;<\/p>\n<p class=\"read-more\"> <a class=\"\" href=\"http:\/\/sodaflux.pl\/index.php\/testimonials\/\"> <span class=\"screen-reader-text\">Testimonials<\/span> Read More &raquo;<\/a><\/p>\n","protected":false},"author":0,"featured_media":0,"parent":0,"menu_order":0,"comment_status":"closed","ping_status":"closed","template":"","meta":[],"_links":{"self":[{"href":"http:\/\/sodaflux.pl\/index.php\/wp-json\/wp\/v2\/pages\/13"}],"collection":[{"href":"http:\/\/sodaflux.pl\/index.php\/wp-json\/wp\/v2\/pages"}],"about":[{"href":"http:\/\/sodaflux.pl\/index.php\/wp-json\/wp\/v2\/types\/page"}],"replies":[{"embeddable":true,"href":"http:\/\/sodaflux.pl\/index.php\/wp-json\/wp\/v2\/comments?post=13"}],"version-history":[{"count":4,"href":"http:\/\/sodaflux.pl\/index.php\/wp-json\/wp\/v2\/pages\/13\/revisions"}],"predecessor-version":[{"id":1315,"href":"http:\/\/sodaflux.pl\/index.php\/wp-json\/wp\/v2\/pages\/13\/revisions\/1315"}],"wp:attachment":[{"href":"http:\/\/sodaflux.pl\/index.php\/wp-json\/wp\/v2\/media?parent=13"}],"curies":[{"name":"wp","href":"https:\/\/api.w.org\/{rel}","templated":true}]}}